{"id":1344,"date":"2023-09-30T10:15:01","date_gmt":"2023-09-30T10:15:01","guid":{"rendered":"https:\/\/nembutalhouse.com\/weed\/?post_type=product&#038;p=1344"},"modified":"2025-07-19T05:03:31","modified_gmt":"2025-07-19T05:03:31","slug":"fendi-og-hash","status":"publish","type":"product","link":"https:\/\/herbelegale.com\/da\/product\/fendi-og-hash\/","title":{"rendered":"Fendi OG Hash"},"content":{"rendered":"<h2><b>Introduction au Fendi OG Hash<\/b><\/h2>\n<p>Le <a href=\"https:\/\/herbelegale.com\/da\/product\/fendi-og-hash\/\">Fendi OG Hash<\/a> er en f\u00f8rsteklasses cannabisharpiks, eftertragtet for sin dybe smag, fyldige tekstur og kraftfulde effekter. Dette raffinerede koncentrat legemligg\u00f8r elegansen af h\u00e5ndv\u00e6rksm\u00e6ssig hash kombineret med kraften fra ikoniske originale sorter. Ideel til entusiaster, der s\u00f8ger en intens oplevelse, forf\u00f8rer den med sine karakteristiske jordagtige og krydrede aromaer.<\/p>\n<p>I dag, takket v\u00e6re online shopping, er det nemmere end nogensinde f\u00f8r at <a href=\"https:\/\/en.wikipedia.org\/wiki\/Fendi\">commander du Fendi OG Hash en ligne<\/a> og nyd denne unikke oplevelse direkte derhjemme.<\/p>\n<h3><b>Hvad er Fendi OG Hash?<\/b><\/h3>\n<p>Fendi OG Hash er et harpiksholdigt koncentrat, der er fremstillet ved hj\u00e6lp af tidsh\u00e6derede h\u00e5ndv\u00e6rksmetoder, hvilket giver det en formbar tekstur og en m\u00f8rkebrun farve.<\/p>\n<p><span style=\"font-weight: 400;\">Dette er en hash af meget h\u00f8j kvalitet, designet til at give en hurtig virkning og kraftfulde effekter. Den har et h\u00f8jt THC-indhold og er kendt for sine aromaer af jord, krydderi og fyr, forst\u00e6rket af en let s\u00f8dme ved ud\u00e5nding.<\/span><\/p>\n<h3><b>Almindelige anvendelser og virkninger<\/b><\/h3>\n<p>Erfarne forbrugere s\u00e6tter pris p\u00e5 Fendi OG Hash for:<\/p>\n<ul>\n<li style=\"font-weight: 400;\" aria-level=\"1\"><span style=\"font-weight: 400;\">En kraftfuld afslappende effekt p\u00e5 krop og sind<\/span>&nbsp;<\/li>\n<li style=\"font-weight: 400;\" aria-level=\"1\"><span style=\"font-weight: 400;\">En f\u00f8lelse af blid og vedvarende eufori<\/span>&nbsp;<\/li>\n<li style=\"font-weight: 400;\" aria-level=\"1\"><span style=\"font-weight: 400;\">Hj\u00e6lp med stressh\u00e5ndtering eller s\u00f8vnforstyrrelser<\/span>&nbsp;<\/li>\n<li style=\"font-weight: 400;\" aria-level=\"1\"><span style=\"font-weight: 400;\">En rig og kompleks duft, der vil gl\u00e6de kr\u00e6sne ganer<\/span>&nbsp;<\/li>\n<\/ul>\n<p><span style=\"font-weight: 400;\">Det indtages generelt ved forbr\u00e6nding, blandes med blomster eller bruges i egnede vaporizers.<\/span><\/p>\n<h3><b>Juridisk status (afh\u00e6ngigt af region)<\/b><\/h3>\n<p>Den juridiske status for Fendi OG Hash varierer fra land til land. I nogle omr\u00e5der er forbrug tilladt under visse betingelser, mens det i andre er strengt forbudt. F\u00f8r du k\u00f8ber Fendi OG Hash online, er det vigtigt at kontrollere reglerne i dit land.<\/p>\n<h3><b>Pourquoi acheter Fendi OG Hash en ligne ?<\/b><\/h3>\n<h3><b>Tilg\u00e6ngelighed<\/b><\/h3>\n<p>At k\u00f8be Fendi OG Hash online giver nem adgang til produkter af h\u00f8j kvalitet, der ofte er sv\u00e6re at finde i traditionelle kanaler.<\/p>\n<h3><b>Forskellige s\u00e6lgere<\/b><\/h3>\n<p>P\u00e5 internettet finder du et bredt udvalg af Fendi OG Hash til salg, med forskellige oprindelser, koncentrationer og priser, for at tilfredsstille alle forbrugerprofiler.<\/p>\n<h3><b>Diskret forsendelse<\/b><\/h3>\n<p>De bedste specialistsider garanterer diskret og sikker levering, s\u00e5 du kan modtage din ordre i fuld fortrolighed.<\/p>\n<h3><b>Come scegliere un venditore affidabile?<\/b><\/h3>\n<p>For at finde det bedste sted at k\u00f8be Amnesia Jelly Hash online, er her nogle vigtige tips:<\/p>\n<ul>\n<li style=\"font-weight: 400;\" aria-level=\"1\">Sammenlign prisen p\u00e5 Fendi OG Hash tilbudt af forskellige s\u00e6lgere&nbsp;<\/li>\n<li style=\"font-weight: 400;\" aria-level=\"1\"><span style=\"font-weight: 400;\">Foretr\u00e6k websteder med verificerede kundeanmeldelser<\/span>&nbsp;<\/li>\n<li style=\"font-weight: 400;\" aria-level=\"1\"><span style=\"font-weight: 400;\">Tjek for analysecertifikater, der garanterer kvalitet og renhed<\/span>&nbsp;<\/li>\n<li style=\"font-weight: 400;\" aria-level=\"1\"><span style=\"font-weight: 400;\">Responsiv og professionel kundeservice<\/span>&nbsp;<\/li>\n<li style=\"font-weight: 400;\" aria-level=\"1\"><span style=\"font-weight: 400;\">Tutki toimitus- ja palautusehdot<\/span>&nbsp;<\/li>\n<\/ul>\n<h3><b>Leveringspolitikker<\/b><\/h3>\n<p><span style=\"font-weight: 400;\">En p\u00e5lidelig hjemmeside vil tilbyde:<\/span><\/p>\n<ul>\n<li style=\"font-weight: 400;\" aria-level=\"1\"><span style=\"font-weight: 400;\">Forsendelsesfrister overholdes<\/span>&nbsp;<\/li>\n<li style=\"font-weight: 400;\" aria-level=\"1\"><span style=\"font-weight: 400;\">Een duidelijk trackingsysteem voor uw bestelling<\/span>&nbsp;<\/li>\n<li style=\"font-weight: 400;\" aria-level=\"1\"><span style=\"font-weight: 400;\">Uma garantia ou reembolso em caso de problema<\/span>&nbsp;<\/li>\n<\/ul>\n<h3><b>Risici og overvejelser <\/b><b>Sundhedsrisici<\/b><\/h3>\n<p>Fendi OG Hash er et koncentreret produkt med et h\u00f8jt THC-indhold. For begyndere anbefales det at starte med sm\u00e5 m\u00e6ngder. Ansvarligt k\u00f8b betyder ogs\u00e5 at v\u00e6lge p\u00e5lidelige s\u00e6lgere for at sikre et rent produkt fri for skadelige tils\u00e6tningsstoffer.<\/p>\n<h3><b>Konklusion<\/b><\/h3>\n<p>Fendi OG Hash er et produkt af h\u00f8j kvalitet for elskere af fyldige, potente og autentiske harpikser. Takket v\u00e6re specialiserede platforme er det nu nemmere og sikrere at k\u00f8be Fendi OG Hash online fra velrenommerede s\u00e6lgere.<\/p>","protected":false},"excerpt":{"rendered":"<p>Introduction au Fendi OG Hash Le Fendi OG Hash est une r\u00e9sine de cannabis haut de gamme, recherch\u00e9e pour son go\u00fbt profond, sa texture riche et ses effets puissants. Ce concentr\u00e9 raffin\u00e9 incarne l\u2019\u00e9l\u00e9gance du haschich artisanal alli\u00e9e \u00e0 la puissance des vari\u00e9t\u00e9s OG embl\u00e9matiques. Id\u00e9al pour les amateurs \u00e0 la recherche d&rsquo;une exp\u00e9rience intense,&#8230;<\/p>","protected":false},"featured_media":1466,"comment_status":"open","ping_status":"closed","template":"","meta":{"_kadence_starter_templates_imported_post":false,"_kad_post_transparent":"default","_kad_post_title":"","_kad_post_layout":"default","_kad_post_sidebar_id":"","_kad_post_content_style":"default","_kad_post_vertical_padding":"default","_kad_post_feature":"","_kad_post_feature_position":"","_kad_post_header":false,"_kad_post_footer":false,"_joinchat":[]},"product_brand":[],"product_cat":[31],"product_tag":[],"class_list":{"0":"post-1344","1":"product","2":"type-product","3":"status-publish","4":"has-post-thumbnail","6":"product_cat-haschisch","8":"first","9":"instock","10":"shipping-taxable","11":"purchasable","12":"product-type-variable","13":"entry","14":"content-bg","15":"loop-entry"},"yoast_head":"<!-- This site is optimized with the Yoast SEO plugin v23.5 - https:\/\/yoast.com\/wordpress\/plugins\/seo\/ -->\n<title>Achetez Fendi OG Hash en ligne - Fendi OG Hash \u00e0 vendre<\/title>\n<meta name=\"description\" content=\"Vous pouvez acheter Fendi OG Hash en vente dans notre magasin herebelegale et le recevoir \u00e0 votre porte sans aucun probl\u00e8me. Nous vous aidons \u00e0 acheter Fendi OG Hash en ligne. Commandez maintenant !\" \/>\n<meta name=\"robots\" content=\"index, follow, max-snippet:-1, max-image-preview:large, max-video-preview:-1\" \/>\n<link rel=\"canonical\" href=\"https:\/\/herbelegale.com\/da\/product\/fendi-og-hash\/\" \/>\n<meta property=\"og:locale\" content=\"da_DK\" \/>\n<meta property=\"og:type\" content=\"article\" \/>\n<meta property=\"og:title\" content=\"Achetez Fendi OG Hash en ligne - Fendi OG Hash \u00e0 vendre\" \/>\n<meta property=\"og:description\" content=\"Vous pouvez acheter Fendi OG Hash en vente dans notre magasin herebelegale et le recevoir \u00e0 votre porte sans aucun probl\u00e8me. Nous vous aidons \u00e0 acheter Fendi OG Hash en ligne. Commandez maintenant !\" \/>\n<meta property=\"og:url\" content=\"https:\/\/herbelegale.com\/da\/product\/fendi-og-hash\/\" \/>\n<meta property=\"og:site_name\" content=\"Herbe L\u00e9gale\" \/>\n<meta property=\"article:modified_time\" content=\"2025-07-19T05:03:31+00:00\" \/>\n<meta property=\"og:image\" content=\"https:\/\/herbelegale.com\/wp-content\/uploads\/2023\/09\/FENDI-OG-HASH-1.jpg\" \/>\n\t<meta property=\"og:image:width\" content=\"600\" \/>\n\t<meta property=\"og:image:height\" content=\"600\" \/>\n\t<meta property=\"og:image:type\" content=\"image\/jpeg\" \/>\n<meta name=\"twitter:card\" content=\"summary_large_image\" \/>\n<meta name=\"twitter:label1\" content=\"Estimeret l\u00e6setid\" \/>\n\t<meta name=\"twitter:data1\" content=\"3 minutter\" \/>\n<script type=\"application\/ld+json\" class=\"yoast-schema-graph\">{\"@context\":\"https:\/\/schema.org\",\"@graph\":[{\"@type\":\"WebPage\",\"@id\":\"https:\/\/herbelegale.com\/product\/fendi-og-hash\/\",\"url\":\"https:\/\/herbelegale.com\/product\/fendi-og-hash\/\",\"name\":\"Achetez Fendi OG Hash en ligne - Fendi OG Hash \u00e0 vendre\",\"isPartOf\":{\"@id\":\"https:\/\/herbelegale.com\/#website\"},\"primaryImageOfPage\":{\"@id\":\"https:\/\/herbelegale.com\/product\/fendi-og-hash\/#primaryimage\"},\"image\":{\"@id\":\"https:\/\/herbelegale.com\/product\/fendi-og-hash\/#primaryimage\"},\"thumbnailUrl\":\"https:\/\/herbelegale.com\/wp-content\/uploads\/2023\/09\/FENDI-OG-HASH-1.jpg\",\"datePublished\":\"2023-09-30T10:15:01+00:00\",\"dateModified\":\"2025-07-19T05:03:31+00:00\",\"description\":\"Vous pouvez acheter Fendi OG Hash en vente dans notre magasin herebelegale et le recevoir \u00e0 votre porte sans aucun probl\u00e8me. Nous vous aidons \u00e0 acheter Fendi OG Hash en ligne. Commandez maintenant !\",\"breadcrumb\":{\"@id\":\"https:\/\/herbelegale.com\/product\/fendi-og-hash\/#breadcrumb\"},\"inLanguage\":\"da-DK\",\"potentialAction\":[{\"@type\":\"ReadAction\",\"target\":[\"https:\/\/herbelegale.com\/product\/fendi-og-hash\/\"]}]},{\"@type\":\"ImageObject\",\"inLanguage\":\"da-DK\",\"@id\":\"https:\/\/herbelegale.com\/product\/fendi-og-hash\/#primaryimage\",\"url\":\"https:\/\/herbelegale.com\/wp-content\/uploads\/2023\/09\/FENDI-OG-HASH-1.jpg\",\"contentUrl\":\"https:\/\/herbelegale.com\/wp-content\/uploads\/2023\/09\/FENDI-OG-HASH-1.jpg\",\"width\":600,\"height\":600,\"caption\":\"FENDI-OG-HASH\"},{\"@type\":\"BreadcrumbList\",\"@id\":\"https:\/\/herbelegale.com\/product\/fendi-og-hash\/#breadcrumb\",\"itemListElement\":[{\"@type\":\"ListItem\",\"position\":1,\"name\":\"Home\",\"item\":\"https:\/\/herbelegale.com\/\"},{\"@type\":\"ListItem\",\"position\":2,\"name\":\"Boutique\",\"item\":\"https:\/\/herbelegale.com\/boutique\/\"},{\"@type\":\"ListItem\",\"position\":3,\"name\":\"Fendi OG Hash\"}]},{\"@type\":\"WebSite\",\"@id\":\"https:\/\/herbelegale.com\/#website\",\"url\":\"https:\/\/herbelegale.com\/\",\"name\":\"Herbe L\u00e9gale\",\"description\":\"Acheter de l&#039;herbe en ligne\",\"publisher\":{\"@id\":\"https:\/\/herbelegale.com\/#organization\"},\"potentialAction\":[{\"@type\":\"SearchAction\",\"target\":{\"@type\":\"EntryPoint\",\"urlTemplate\":\"https:\/\/herbelegale.com\/?s={search_term_string}\"},\"query-input\":{\"@type\":\"PropertyValueSpecification\",\"valueRequired\":true,\"valueName\":\"search_term_string\"}}],\"inLanguage\":\"da-DK\"},{\"@type\":\"Organization\",\"@id\":\"https:\/\/herbelegale.com\/#organization\",\"name\":\"Herbe L\u00e9gale\",\"url\":\"https:\/\/herbelegale.com\/\",\"logo\":{\"@type\":\"ImageObject\",\"inLanguage\":\"da-DK\",\"@id\":\"https:\/\/herbelegale.com\/#\/schema\/logo\/image\/\",\"url\":\"https:\/\/herbelegale.com\/wp-content\/uploads\/2023\/10\/logo-1.png\",\"contentUrl\":\"https:\/\/herbelegale.com\/wp-content\/uploads\/2023\/10\/logo-1.png\",\"width\":400,\"height\":120,\"caption\":\"Herbe L\u00e9gale\"},\"image\":{\"@id\":\"https:\/\/herbelegale.com\/#\/schema\/logo\/image\/\"}}]}<\/script>\n<!-- \/ Yoast SEO plugin. -->","yoast_head_json":{"title":"Achetez Fendi OG Hash en ligne - Fendi OG Hash \u00e0 vendre","description":"Vous pouvez acheter Fendi OG Hash en vente dans notre magasin herebelegale et le recevoir \u00e0 votre porte sans aucun probl\u00e8me. Nous vous aidons \u00e0 acheter Fendi OG Hash en ligne. Commandez maintenant !","robots":{"index":"index","follow":"follow","max-snippet":"max-snippet:-1","max-image-preview":"max-image-preview:large","max-video-preview":"max-video-preview:-1"},"canonical":"https:\/\/herbelegale.com\/da\/product\/fendi-og-hash\/","og_locale":"da_DK","og_type":"article","og_title":"Achetez Fendi OG Hash en ligne - Fendi OG Hash \u00e0 vendre","og_description":"Vous pouvez acheter Fendi OG Hash en vente dans notre magasin herebelegale et le recevoir \u00e0 votre porte sans aucun probl\u00e8me. Nous vous aidons \u00e0 acheter Fendi OG Hash en ligne. Commandez maintenant !","og_url":"https:\/\/herbelegale.com\/da\/product\/fendi-og-hash\/","og_site_name":"Herbe L\u00e9gale","article_modified_time":"2025-07-19T05:03:31+00:00","og_image":[{"width":600,"height":600,"url":"https:\/\/herbelegale.com\/wp-content\/uploads\/2023\/09\/FENDI-OG-HASH-1.jpg","type":"image\/jpeg"}],"twitter_card":"summary_large_image","twitter_misc":{"Estimeret l\u00e6setid":"3 minutter"},"schema":{"@context":"https:\/\/schema.org","@graph":[{"@type":"WebPage","@id":"https:\/\/herbelegale.com\/product\/fendi-og-hash\/","url":"https:\/\/herbelegale.com\/product\/fendi-og-hash\/","name":"Achetez Fendi OG Hash en ligne - Fendi OG Hash \u00e0 vendre","isPartOf":{"@id":"https:\/\/herbelegale.com\/#website"},"primaryImageOfPage":{"@id":"https:\/\/herbelegale.com\/product\/fendi-og-hash\/#primaryimage"},"image":{"@id":"https:\/\/herbelegale.com\/product\/fendi-og-hash\/#primaryimage"},"thumbnailUrl":"https:\/\/herbelegale.com\/wp-content\/uploads\/2023\/09\/FENDI-OG-HASH-1.jpg","datePublished":"2023-09-30T10:15:01+00:00","dateModified":"2025-07-19T05:03:31+00:00","description":"Vous pouvez acheter Fendi OG Hash en vente dans notre magasin herebelegale et le recevoir \u00e0 votre porte sans aucun probl\u00e8me. Nous vous aidons \u00e0 acheter Fendi OG Hash en ligne. Commandez maintenant !","breadcrumb":{"@id":"https:\/\/herbelegale.com\/product\/fendi-og-hash\/#breadcrumb"},"inLanguage":"da-DK","potentialAction":[{"@type":"ReadAction","target":["https:\/\/herbelegale.com\/product\/fendi-og-hash\/"]}]},{"@type":"ImageObject","inLanguage":"da-DK","@id":"https:\/\/herbelegale.com\/product\/fendi-og-hash\/#primaryimage","url":"https:\/\/herbelegale.com\/wp-content\/uploads\/2023\/09\/FENDI-OG-HASH-1.jpg","contentUrl":"https:\/\/herbelegale.com\/wp-content\/uploads\/2023\/09\/FENDI-OG-HASH-1.jpg","width":600,"height":600,"caption":"FENDI-OG-HASH"},{"@type":"BreadcrumbList","@id":"https:\/\/herbelegale.com\/product\/fendi-og-hash\/#breadcrumb","itemListElement":[{"@type":"ListItem","position":1,"name":"Home","item":"https:\/\/herbelegale.com\/"},{"@type":"ListItem","position":2,"name":"Boutique","item":"https:\/\/herbelegale.com\/boutique\/"},{"@type":"ListItem","position":3,"name":"Fendi OG Hash"}]},{"@type":"WebSite","@id":"https:\/\/herbelegale.com\/#website","url":"https:\/\/herbelegale.com\/","name":"Herbe L\u00e9gale","description":"Acheter de l&#039;herbe en ligne","publisher":{"@id":"https:\/\/herbelegale.com\/#organization"},"potentialAction":[{"@type":"SearchAction","target":{"@type":"EntryPoint","urlTemplate":"https:\/\/herbelegale.com\/?s={search_term_string}"},"query-input":{"@type":"PropertyValueSpecification","valueRequired":true,"valueName":"search_term_string"}}],"inLanguage":"da-DK"},{"@type":"Organization","@id":"https:\/\/herbelegale.com\/#organization","name":"Herbe L\u00e9gale","url":"https:\/\/herbelegale.com\/","logo":{"@type":"ImageObject","inLanguage":"da-DK","@id":"https:\/\/herbelegale.com\/#\/schema\/logo\/image\/","url":"https:\/\/herbelegale.com\/wp-content\/uploads\/2023\/10\/logo-1.png","contentUrl":"https:\/\/herbelegale.com\/wp-content\/uploads\/2023\/10\/logo-1.png","width":400,"height":120,"caption":"Herbe L\u00e9gale"},"image":{"@id":"https:\/\/herbelegale.com\/#\/schema\/logo\/image\/"}}]}},"_links":{"self":[{"href":"https:\/\/herbelegale.com\/da\/wp-json\/wp\/v2\/product\/1344","targetHints":{"allow":["GET"]}}],"collection":[{"href":"https:\/\/herbelegale.com\/da\/wp-json\/wp\/v2\/product"}],"about":[{"href":"https:\/\/herbelegale.com\/da\/wp-json\/wp\/v2\/types\/product"}],"replies":[{"embeddable":true,"href":"https:\/\/herbelegale.com\/da\/wp-json\/wp\/v2\/comments?post=1344"}],"wp:featuredmedia":[{"embeddable":true,"href":"https:\/\/herbelegale.com\/da\/wp-json\/wp\/v2\/media\/1466"}],"wp:attachment":[{"href":"https:\/\/herbelegale.com\/da\/wp-json\/wp\/v2\/media?parent=1344"}],"wp:term":[{"taxonomy":"product_brand","embeddable":true,"href":"https:\/\/herbelegale.com\/da\/wp-json\/wp\/v2\/product_brand?post=1344"},{"taxonomy":"product_cat","embeddable":true,"href":"https:\/\/herbelegale.com\/da\/wp-json\/wp\/v2\/product_cat?post=1344"},{"taxonomy":"product_tag","embeddable":true,"href":"https:\/\/herbelegale.com\/da\/wp-json\/wp\/v2\/product_tag?post=1344"}],"curies":[{"name":"wp","href":"https:\/\/api.w.org\/{rel}","templated":true}]}}