{"id":114,"date":"2023-09-22T11:06:43","date_gmt":"2023-09-22T11:06:43","guid":{"rendered":"https:\/\/nembutalhouse.com\/weed\/?post_type=product&#038;p=114"},"modified":"2025-06-14T11:27:08","modified_gmt":"2025-06-14T11:27:08","slug":"jet-fuel","status":"publish","type":"product","link":"https:\/\/herbelegale.com\/da\/product\/jet-fuel\/","title":{"rendered":"Jetbr\u00e6ndstof"},"content":{"rendered":"<h2><b>K\u00f8b jetbr\u00e6ndstof online: Et hurtigt boost og garanteret mental klarhed<\/b><\/h2>\n<p><span style=\"font-weight: 400;\"><a href=\"https:\/\/herbelegale.com\/da\/product\/jet-fuel\/\">Jet Fuel,<\/a> ogs\u00e5 kendt som G6, er en potent cannabissort udvundet af en krydsning mellem Aspen OG og High Country Diesel. Denne sort er v\u00e6rdsat for sin intense dieselaroma og euforiske effekter og er perfekt for sativa-elskere. I dag, med den stigende popularitet af digitale dispensaries, <\/span><b>osta lentopolttoainetta netist\u00e4<\/b><span style=\"font-weight: 400;\"> devient un choix de plus en plus courant pour les consommateurs recherchant la qualit\u00e9, la commodit\u00e9 et la discr\u00e9tion.<\/span><\/p>\n<h3><b>Fremkomsten af online cannabislevering: Fra landm\u00e6ndsmarkeder til d\u00f8rtrin<\/b><\/h3>\n<p><span style=\"font-weight: 400;\">Med den gradvise legalisering af cannabis i mange lande er mulighederne for hjemmelevering blevet mangedoblet. Nu kan du <\/span><a href=\"https:\/\/en.wikipedia.org\/wiki\/Jet_fuel\"><b>bestil jetbr\u00e6ndstof online<\/b><\/a><span style=\"font-weight: 400;\"> og modtag dit produkt derhjemme, uden at skulle rejse.<\/span><\/p>\n<p><b>Hvorfor det er popul\u00e6rt:<\/b><\/p>\n<ul>\n<li style=\"font-weight: 400;\" aria-level=\"1\"><span style=\"font-weight: 400;\">Adgang til tilbud fra <\/span><b>Jet Fuel \u00e0 vendre<\/b><span style=\"font-weight: 400;\"> dans diff\u00e9rentes r\u00e9gions<\/span><span style=\"font-weight: 400;\">\n<p><\/span><\/li>\n<li style=\"font-weight: 400;\" aria-level=\"1\"><span style=\"font-weight: 400;\">Mulighed for at sammenligne <\/span><b>prix Jet Fuel pas chers<\/b><b>\n<p><\/b><\/li>\n<li style=\"font-weight: 400;\" aria-level=\"1\"><span style=\"font-weight: 400;\">St\u00f8rre udvalg end i fysiske butikker<\/span><span style=\"font-weight: 400;\">\n<p><\/span><\/li>\n<li style=\"font-weight: 400;\" aria-level=\"1\"><span style=\"font-weight: 400;\">Diskret, hurtig og sikker levering<\/span><span style=\"font-weight: 400;\">\n<p><\/span><\/li>\n<\/ul>\n<h3><b>Hvad g\u00f8r jetbr\u00e6ndstof godt?<\/b><\/h3>\n<p><span style=\"font-weight: 400;\">Jet Fuel er efterspurgt for sin unikke terpenprofil og energiske effekter. For at genkende kvalitetsblomst, overvej:<\/span><\/p>\n<ul>\n<li style=\"font-weight: 400;\" aria-level=\"1\"><b>Udseende<\/b><span style=\"font-weight: 400;\"> T\u00e6tte, harpiksholdige hoveder med m\u00f8rkeorange st\u00f8vfang<\/span><span style=\"font-weight: 400;\">\n<p><\/span><\/li>\n<li style=\"font-weight: 400;\" aria-level=\"1\"><b>Aroma<\/b><span style=\"font-weight: 400;\"> St\u00e6rk lugt af br\u00e6ndstof\/diesel med antydninger af fyrretr\u00e6 og citrus<\/span><span style=\"font-weight: 400;\">\n<p><\/span><\/li>\n<li style=\"font-weight: 400;\" aria-level=\"1\"><b>Effekter<\/b><span style=\"font-weight: 400;\"> Mental eufori, klarhed, kreativ energi<\/span><span style=\"font-weight: 400;\">\n<p><\/span><\/li>\n<li style=\"font-weight: 400;\" aria-level=\"1\"><b>Qualit\u00e9 de culture<\/b><span style=\"font-weight: 400;\"> V\u00e6lg blomster dyrket indend\u00f8rs, uden pesticider<\/span><span style=\"font-weight: 400;\">\n<p><\/span><\/li>\n<li style=\"font-weight: 400;\" aria-level=\"1\"><b>Profil terp\u00e9nique<\/b><span style=\"font-weight: 400;\"> Rig p\u00e5 myrcen, limonen og caryophyllen<\/span><span style=\"font-weight: 400;\">\n<p><\/span><\/li>\n<\/ul>\n<h3><b>H\u00e5ndv\u00e6rksm\u00e6ssig blomst vs. industriel produktion<\/b><\/h3>\n<p><b>H\u00e5ndv\u00e6rksm\u00e6ssigt:<\/b><b><br \/>\n<\/b><span style=\"font-weight: 400;\"> \u2705 Terp\u00e8nes mieux pr\u00e9serv\u00e9s<\/span><span style=\"font-weight: 400;\"><br \/>\n<\/span><span style=\"font-weight: 400;\"> \u2705 Saveurs plus riches<\/span><span style=\"font-weight: 400;\"><br \/>\n<\/span><span style=\"font-weight: 400;\"> \u2705 Exp\u00e9rience plus personnalis\u00e9e<\/span><\/p>\n<p><b>Teollisuus:<\/b><b><br \/>\n<\/b><span style=\"font-weight: 400;\"> \u274c Risque de s\u00e9chage excessif<\/span><span style=\"font-weight: 400;\"><br \/>\n<\/span><span style=\"font-weight: 400;\"> \u274c Perte d\u2019ar\u00f4mes lors de l\u2019entreposage<\/span><\/p>\n<h3><b>Die 5 besten Orte, um Kerosin online zu kaufen (mit Vor- und Nachteilen)<\/b><\/h3>\n<ol>\n<li style=\"font-weight: 400;\" aria-level=\"1\"><b>Leafly (Frankrig og internationalt)<\/b><b><br \/>\n<\/b><span style=\"font-weight: 400;\"> \u2705 Informations v\u00e9rifi\u00e9es, tests de laboratoire<\/span><span style=\"font-weight: 400;\"><br \/>\n<\/span><span style=\"font-weight: 400;\"> \u274c Achat direct pas toujours disponible<\/span><span style=\"font-weight: 400;\"><\/p>\n<p><\/span><\/li>\n<li style=\"font-weight: 400;\" aria-level=\"1\"><b>Onlinedistribut\u00f8rer (Frankrig, Belgien, Canada)<\/b><b><br \/>\n<\/b><span style=\"font-weight: 400;\"> \u2705 Produits labellis\u00e9s, promotions fr\u00e9quentes<\/span><span style=\"font-weight: 400;\"><br \/>\n<\/span><span style=\"font-weight: 400;\"> \u274c Documents d\u2019\u00e2ge ou justificatifs parfois n\u00e9cessaires<\/span><span style=\"font-weight: 400;\"><\/p>\n<p><\/span><\/li>\n<li style=\"font-weight: 400;\" aria-level=\"1\"><b>Kunsth\u00e5ndv\u00e6rkerproducenters websteder<\/b><b><br \/>\n<\/b><span style=\"font-weight: 400;\"> \u2705 Cannabis de qualit\u00e9 sup\u00e9rieure, frais<\/span><span style=\"font-weight: 400;\"><br \/>\n<\/span><span style=\"font-weight: 400;\"> \u274c Quantit\u00e9s limit\u00e9es, plus chers<\/span><span style=\"font-weight: 400;\"><\/p>\n<p><\/span><\/li>\n<li style=\"font-weight: 400;\" aria-level=\"1\"><b>Specialiserede m\u00e5nedlige kasser (ukrudtskasse)<\/b><b><br \/>\n<\/b><span style=\"font-weight: 400;\"> \u2705 Surprise et d\u00e9couverte<\/span><span style=\"font-weight: 400;\"><br \/>\n<\/span><span style=\"font-weight: 400;\"> \u274c Jet Fuel non garanti \u00e0 chaque livraison<\/span><span style=\"font-weight: 400;\"><\/p>\n<p><\/span><\/li>\n<li style=\"font-weight: 400;\" aria-level=\"1\"><b>Specialiserede markeder (Canna- eller CBD-platforme)<\/b><b><br \/>\n<\/b><span style=\"font-weight: 400;\"> \u2705 Navigation facile, large gamme<\/span><span style=\"font-weight: 400;\"><br \/>\n<\/span><span style=\"font-weight: 400;\"> \u274c D\u00e9lais de livraison variables<\/span><span style=\"font-weight: 400;\"><\/p>\n<p><\/span><\/li>\n<\/ol>\n<h3><b>Hvad skal man kontrollere f\u00f8r bestilling<\/b><\/h3>\n<ul>\n<li style=\"font-weight: 400;\" aria-level=\"1\"><b>Leveringsbetingelser<\/b><span style=\"font-weight: 400;\"> : Discr\u00e9tion et emballage herm\u00e9tique<\/span><span style=\"font-weight: 400;\">\n<p><\/span><\/li>\n<li style=\"font-weight: 400;\" aria-level=\"1\"><b>Friskhedsgaranti<\/b><span style=\"font-weight: 400;\"> : Date de r\u00e9colte ou d\u2019emballage visible<\/span><span style=\"font-weight: 400;\">\n<p><\/span><\/li>\n<li style=\"font-weight: 400;\" aria-level=\"1\"><b>Politique de retour\/remboursement<\/b><b>\n<p><\/b><\/li>\n<li style=\"font-weight: 400;\" aria-level=\"1\"><b>Ingrediensgennemsigtighed<\/b><span style=\"font-weight: 400;\"> : R\u00e9sultats d\u2019analyses en laboratoire<\/span><span style=\"font-weight: 400;\">\n<p><\/span><\/li>\n<li style=\"font-weight: 400;\" aria-level=\"1\"><b>(4 kundeanmeldelser)<\/b><span style=\"font-weight: 400;\"> : T\u00e9moignages v\u00e9rifi\u00e9s pour \u00e9valuer la qualit\u00e9<\/span><span style=\"font-weight: 400;\">\n<p><\/span><\/li>\n<\/ul>\n<h3><b>S\u00e5dan opbevarer og forbruger du dit jetbr\u00e6ndstof<\/b><\/h3>\n<ul>\n<li style=\"font-weight: 400;\" aria-level=\"1\"><b>Bevarelse<\/b><span style=\"font-weight: 400;\"> Opbevares v\u00e6k fra lys og fugtighed i en luftt\u00e6t glasbeholder<\/span><span style=\"font-weight: 400;\">\n<p><\/span><\/li>\n<li style=\"font-weight: 400;\" aria-level=\"1\"><b>Utilisation<\/b><span style=\"font-weight: 400;\"> Spr\u00f8jtning anbefales for at bevare aromaer<\/span><span style=\"font-weight: 400;\">\n<p><\/span><\/li>\n<li style=\"font-weight: 400;\" aria-level=\"1\"><b>Moments id\u00e9aux<\/b><span style=\"font-weight: 400;\"> Kreativ morgen, sportssession eller produktiv dag<\/span><span style=\"font-weight: 400;\">\n<p><\/span><\/li>\n<\/ul>\n<h3><b>Konklusion: Tank op med Jet Fuel uden at forlade sofaen<\/b><\/h3>\n<p><span style=\"font-weight: 400;\">Jet Fuel er en sativa-sort, man skal pr\u00f8ve, for dem der leder efter <\/span><b>et mentalt boost, koncentration og en varig effekt<\/b><span style=\"font-weight: 400;\">Takket v\u00e6re de mange digitale dispensarer er det nu nemt og sikkert at<\/span><b>osta lentopolttoainetta netist\u00e4<\/b><span style=\"font-weight: 400;\">, samtidig med at du nyder godt af de bedste priser og p\u00e5lidelig levering.<\/span><\/p>","protected":false},"excerpt":{"rendered":"<p>Acheter Jet Fuel en ligne : Une mont\u00e9e rapide et une clart\u00e9 mentale garantie Jet Fuel, aussi connu sous le nom de G6, est une vari\u00e9t\u00e9 de cannabis puissante issue d\u2019un croisement entre Aspen OG et High Country Diesel. Appr\u00e9ci\u00e9e pour son ar\u00f4me intense de diesel et ses effets euphorisants, cette souche est parfaite pour&#8230;<\/p>","protected":false},"featured_media":115,"comment_status":"open","ping_status":"closed","template":"","meta":{"_kadence_starter_templates_imported_post":false,"_kad_post_transparent":"default","_kad_post_title":"","_kad_post_layout":"default","_kad_post_sidebar_id":"","_kad_post_content_style":"default","_kad_post_vertical_padding":"default","_kad_post_feature":"","_kad_post_feature_position":"","_kad_post_header":false,"_kad_post_footer":false,"_joinchat":[]},"product_brand":[],"product_cat":[17],"product_tag":[],"class_list":{"0":"post-114","1":"product","2":"type-product","3":"status-publish","4":"has-post-thumbnail","6":"product_cat-canabis-en-ligne","8":"first","9":"instock","10":"shipping-taxable","11":"purchasable","12":"product-type-variable","13":"entry","14":"content-bg","15":"loop-entry"},"yoast_head":"<!-- This site is optimized with the Yoast SEO plugin v23.5 - https:\/\/yoast.com\/wordpress\/plugins\/seo\/ -->\n<title>Acheter du carburant pour avions en ligne \u2013 Vente de carburant pour avions<\/title>\n<meta name=\"description\" content=\"Si vous souhaitez acheter du carburant pour avions en ligne, notre magasin herebelagle peut vous aider. Nous avons du carburant pour avions en vente aux meilleurs prix ici. Passez votre commande maintenant !\" \/>\n<meta name=\"robots\" content=\"index, follow, max-snippet:-1, max-image-preview:large, max-video-preview:-1\" \/>\n<link rel=\"canonical\" href=\"https:\/\/herbelegale.com\/da\/product\/jet-fuel\/\" \/>\n<meta property=\"og:locale\" content=\"da_DK\" \/>\n<meta property=\"og:type\" content=\"article\" \/>\n<meta property=\"og:title\" content=\"Acheter du carburant pour avions en ligne \u2013 Vente de carburant pour avions\" \/>\n<meta property=\"og:description\" content=\"Si vous souhaitez acheter du carburant pour avions en ligne, notre magasin herebelagle peut vous aider. Nous avons du carburant pour avions en vente aux meilleurs prix ici. Passez votre commande maintenant !\" \/>\n<meta property=\"og:url\" content=\"https:\/\/herbelegale.com\/da\/product\/jet-fuel\/\" \/>\n<meta property=\"og:site_name\" content=\"Herbe L\u00e9gale\" \/>\n<meta property=\"article:modified_time\" content=\"2025-06-14T11:27:08+00:00\" \/>\n<meta property=\"og:image\" content=\"https:\/\/herbelegale.com\/wp-content\/uploads\/2023\/09\/Jet-Fuel.jpg\" \/>\n\t<meta property=\"og:image:width\" content=\"960\" \/>\n\t<meta property=\"og:image:height\" content=\"1280\" \/>\n\t<meta property=\"og:image:type\" content=\"image\/jpeg\" \/>\n<meta name=\"twitter:card\" content=\"summary_large_image\" \/>\n<meta name=\"twitter:label1\" content=\"Estimeret l\u00e6setid\" \/>\n\t<meta name=\"twitter:data1\" content=\"3 minutter\" \/>\n<script type=\"application\/ld+json\" class=\"yoast-schema-graph\">{\"@context\":\"https:\/\/schema.org\",\"@graph\":[{\"@type\":\"WebPage\",\"@id\":\"https:\/\/herbelegale.com\/product\/jet-fuel\/\",\"url\":\"https:\/\/herbelegale.com\/product\/jet-fuel\/\",\"name\":\"Acheter du carburant pour avions en ligne \u2013 Vente de carburant pour avions\",\"isPartOf\":{\"@id\":\"https:\/\/herbelegale.com\/#website\"},\"primaryImageOfPage\":{\"@id\":\"https:\/\/herbelegale.com\/product\/jet-fuel\/#primaryimage\"},\"image\":{\"@id\":\"https:\/\/herbelegale.com\/product\/jet-fuel\/#primaryimage\"},\"thumbnailUrl\":\"https:\/\/herbelegale.com\/wp-content\/uploads\/2023\/09\/Jet-Fuel.jpg\",\"datePublished\":\"2023-09-22T11:06:43+00:00\",\"dateModified\":\"2025-06-14T11:27:08+00:00\",\"description\":\"Si vous souhaitez acheter du carburant pour avions en ligne, notre magasin herebelagle peut vous aider. Nous avons du carburant pour avions en vente aux meilleurs prix ici. Passez votre commande maintenant !\",\"breadcrumb\":{\"@id\":\"https:\/\/herbelegale.com\/product\/jet-fuel\/#breadcrumb\"},\"inLanguage\":\"da-DK\",\"potentialAction\":[{\"@type\":\"ReadAction\",\"target\":[\"https:\/\/herbelegale.com\/product\/jet-fuel\/\"]}]},{\"@type\":\"ImageObject\",\"inLanguage\":\"da-DK\",\"@id\":\"https:\/\/herbelegale.com\/product\/jet-fuel\/#primaryimage\",\"url\":\"https:\/\/herbelegale.com\/wp-content\/uploads\/2023\/09\/Jet-Fuel.jpg\",\"contentUrl\":\"https:\/\/herbelegale.com\/wp-content\/uploads\/2023\/09\/Jet-Fuel.jpg\",\"width\":960,\"height\":1280,\"caption\":\"Jet Fuel\"},{\"@type\":\"BreadcrumbList\",\"@id\":\"https:\/\/herbelegale.com\/product\/jet-fuel\/#breadcrumb\",\"itemListElement\":[{\"@type\":\"ListItem\",\"position\":1,\"name\":\"Home\",\"item\":\"https:\/\/herbelegale.com\/\"},{\"@type\":\"ListItem\",\"position\":2,\"name\":\"Boutique\",\"item\":\"https:\/\/herbelegale.com\/boutique\/\"},{\"@type\":\"ListItem\",\"position\":3,\"name\":\"Jet Fuel\"}]},{\"@type\":\"WebSite\",\"@id\":\"https:\/\/herbelegale.com\/#website\",\"url\":\"https:\/\/herbelegale.com\/\",\"name\":\"Herbe L\u00e9gale\",\"description\":\"Acheter de l&#039;herbe en ligne\",\"publisher\":{\"@id\":\"https:\/\/herbelegale.com\/#organization\"},\"potentialAction\":[{\"@type\":\"SearchAction\",\"target\":{\"@type\":\"EntryPoint\",\"urlTemplate\":\"https:\/\/herbelegale.com\/?s={search_term_string}\"},\"query-input\":{\"@type\":\"PropertyValueSpecification\",\"valueRequired\":true,\"valueName\":\"search_term_string\"}}],\"inLanguage\":\"da-DK\"},{\"@type\":\"Organization\",\"@id\":\"https:\/\/herbelegale.com\/#organization\",\"name\":\"Herbe L\u00e9gale\",\"url\":\"https:\/\/herbelegale.com\/\",\"logo\":{\"@type\":\"ImageObject\",\"inLanguage\":\"da-DK\",\"@id\":\"https:\/\/herbelegale.com\/#\/schema\/logo\/image\/\",\"url\":\"https:\/\/herbelegale.com\/wp-content\/uploads\/2023\/10\/logo-1.png\",\"contentUrl\":\"https:\/\/herbelegale.com\/wp-content\/uploads\/2023\/10\/logo-1.png\",\"width\":400,\"height\":120,\"caption\":\"Herbe L\u00e9gale\"},\"image\":{\"@id\":\"https:\/\/herbelegale.com\/#\/schema\/logo\/image\/\"}}]}<\/script>\n<!-- \/ Yoast SEO plugin. -->","yoast_head_json":{"title":"Acheter du carburant pour avions en ligne \u2013 Vente de carburant pour avions","description":"Si vous souhaitez acheter du carburant pour avions en ligne, notre magasin herebelagle peut vous aider. Nous avons du carburant pour avions en vente aux meilleurs prix ici. Passez votre commande maintenant !","robots":{"index":"index","follow":"follow","max-snippet":"max-snippet:-1","max-image-preview":"max-image-preview:large","max-video-preview":"max-video-preview:-1"},"canonical":"https:\/\/herbelegale.com\/da\/product\/jet-fuel\/","og_locale":"da_DK","og_type":"article","og_title":"Acheter du carburant pour avions en ligne \u2013 Vente de carburant pour avions","og_description":"Si vous souhaitez acheter du carburant pour avions en ligne, notre magasin herebelagle peut vous aider. Nous avons du carburant pour avions en vente aux meilleurs prix ici. Passez votre commande maintenant !","og_url":"https:\/\/herbelegale.com\/da\/product\/jet-fuel\/","og_site_name":"Herbe L\u00e9gale","article_modified_time":"2025-06-14T11:27:08+00:00","og_image":[{"width":960,"height":1280,"url":"https:\/\/herbelegale.com\/wp-content\/uploads\/2023\/09\/Jet-Fuel.jpg","type":"image\/jpeg"}],"twitter_card":"summary_large_image","twitter_misc":{"Estimeret l\u00e6setid":"3 minutter"},"schema":{"@context":"https:\/\/schema.org","@graph":[{"@type":"WebPage","@id":"https:\/\/herbelegale.com\/product\/jet-fuel\/","url":"https:\/\/herbelegale.com\/product\/jet-fuel\/","name":"Acheter du carburant pour avions en ligne \u2013 Vente de carburant pour avions","isPartOf":{"@id":"https:\/\/herbelegale.com\/#website"},"primaryImageOfPage":{"@id":"https:\/\/herbelegale.com\/product\/jet-fuel\/#primaryimage"},"image":{"@id":"https:\/\/herbelegale.com\/product\/jet-fuel\/#primaryimage"},"thumbnailUrl":"https:\/\/herbelegale.com\/wp-content\/uploads\/2023\/09\/Jet-Fuel.jpg","datePublished":"2023-09-22T11:06:43+00:00","dateModified":"2025-06-14T11:27:08+00:00","description":"Si vous souhaitez acheter du carburant pour avions en ligne, notre magasin herebelagle peut vous aider. Nous avons du carburant pour avions en vente aux meilleurs prix ici. Passez votre commande maintenant !","breadcrumb":{"@id":"https:\/\/herbelegale.com\/product\/jet-fuel\/#breadcrumb"},"inLanguage":"da-DK","potentialAction":[{"@type":"ReadAction","target":["https:\/\/herbelegale.com\/product\/jet-fuel\/"]}]},{"@type":"ImageObject","inLanguage":"da-DK","@id":"https:\/\/herbelegale.com\/product\/jet-fuel\/#primaryimage","url":"https:\/\/herbelegale.com\/wp-content\/uploads\/2023\/09\/Jet-Fuel.jpg","contentUrl":"https:\/\/herbelegale.com\/wp-content\/uploads\/2023\/09\/Jet-Fuel.jpg","width":960,"height":1280,"caption":"Jet Fuel"},{"@type":"BreadcrumbList","@id":"https:\/\/herbelegale.com\/product\/jet-fuel\/#breadcrumb","itemListElement":[{"@type":"ListItem","position":1,"name":"Home","item":"https:\/\/herbelegale.com\/"},{"@type":"ListItem","position":2,"name":"Boutique","item":"https:\/\/herbelegale.com\/boutique\/"},{"@type":"ListItem","position":3,"name":"Jet Fuel"}]},{"@type":"WebSite","@id":"https:\/\/herbelegale.com\/#website","url":"https:\/\/herbelegale.com\/","name":"Herbe L\u00e9gale","description":"Acheter de l&#039;herbe en ligne","publisher":{"@id":"https:\/\/herbelegale.com\/#organization"},"potentialAction":[{"@type":"SearchAction","target":{"@type":"EntryPoint","urlTemplate":"https:\/\/herbelegale.com\/?s={search_term_string}"},"query-input":{"@type":"PropertyValueSpecification","valueRequired":true,"valueName":"search_term_string"}}],"inLanguage":"da-DK"},{"@type":"Organization","@id":"https:\/\/herbelegale.com\/#organization","name":"Herbe L\u00e9gale","url":"https:\/\/herbelegale.com\/","logo":{"@type":"ImageObject","inLanguage":"da-DK","@id":"https:\/\/herbelegale.com\/#\/schema\/logo\/image\/","url":"https:\/\/herbelegale.com\/wp-content\/uploads\/2023\/10\/logo-1.png","contentUrl":"https:\/\/herbelegale.com\/wp-content\/uploads\/2023\/10\/logo-1.png","width":400,"height":120,"caption":"Herbe L\u00e9gale"},"image":{"@id":"https:\/\/herbelegale.com\/#\/schema\/logo\/image\/"}}]}},"_links":{"self":[{"href":"https:\/\/herbelegale.com\/da\/wp-json\/wp\/v2\/product\/114","targetHints":{"allow":["GET"]}}],"collection":[{"href":"https:\/\/herbelegale.com\/da\/wp-json\/wp\/v2\/product"}],"about":[{"href":"https:\/\/herbelegale.com\/da\/wp-json\/wp\/v2\/types\/product"}],"replies":[{"embeddable":true,"href":"https:\/\/herbelegale.com\/da\/wp-json\/wp\/v2\/comments?post=114"}],"wp:featuredmedia":[{"embeddable":true,"href":"https:\/\/herbelegale.com\/da\/wp-json\/wp\/v2\/media\/115"}],"wp:attachment":[{"href":"https:\/\/herbelegale.com\/da\/wp-json\/wp\/v2\/media?parent=114"}],"wp:term":[{"taxonomy":"product_brand","embeddable":true,"href":"https:\/\/herbelegale.com\/da\/wp-json\/wp\/v2\/product_brand?post=114"},{"taxonomy":"product_cat","embeddable":true,"href":"https:\/\/herbelegale.com\/da\/wp-json\/wp\/v2\/product_cat?post=114"},{"taxonomy":"product_tag","embeddable":true,"href":"https:\/\/herbelegale.com\/da\/wp-json\/wp\/v2\/product_tag?post=114"}],"curies":[{"name":"wp","href":"https:\/\/api.w.org\/{rel}","templated":true}]}}